{"id":66,"date":"2017-03-26T15:06:32","date_gmt":"2017-03-26T13:06:32","guid":{"rendered":"http:\/\/www.sonnegg.ch\/?page_id=66"},"modified":"2023-10-27T20:19:17","modified_gmt":"2023-10-27T18:19:17","slug":"ueber-mich","status":"publish","type":"page","link":"https:\/\/www.sonnegg.ch\/?page_id=66","title":{"rendered":"\u00dcber mich"},"content":{"rendered":"<p><img loading=\"lazy\" decoding=\"async\" class=\"alignnone wp-image-69 size-thumbnail\" src=\"https:\/\/www.sonnegg.ch\/wp-content\/uploads\/2017\/03\/rx-150x150.jpg\" alt=\"\" width=\"150\" height=\"150\" srcset=\"https:\/\/www.sonnegg.ch\/wp-content\/uploads\/2017\/03\/rx-150x150.jpg 150w, https:\/\/www.sonnegg.ch\/wp-content\/uploads\/2017\/03\/rx-600x600.jpg 600w, https:\/\/www.sonnegg.ch\/wp-content\/uploads\/2017\/03\/rx-768x768.jpg 768w, https:\/\/www.sonnegg.ch\/wp-content\/uploads\/2017\/03\/rx.jpg 800w\" sizes=\"auto, (max-width: 150px) 100vw, 150px\" \/><\/p>\n<p>Ich heisse Rickenbacher Xaver und wohne in Illgau. Dieses Dorf liegt circa 10km \u00f6stlich von Schwyz auf einer Sonnenterrasse.<\/p>\n<p>Das Titelbild auf der Willkommenseite sagt schon viel \u00fcber mich aus.<\/p>\n<p><strong>Goldwing<\/strong><br \/>\nSeit ich 18 Jahre alt bin, geh\u00f6re ich zur Liga der T\u00f6fffahrer. Begonnen hat alles mit einer DT 125. Damit bin ich h\u00e4ufig von zuhause nach Fribourg gefahren. Alle m\u00f6glichen Varianten wurden ausprobiert. 1989 machte ich dann die schwere Pr\u00fcfung und fuhr dann rund 15 Jahre einen 750-Chopper. Da ich nicht nur ein Sch\u00f6nwetterfahrer war, st\u00f6rte mich mit der Zeit immer mehr, wenn mich der Regen von vorne n\u00e4sste. Also hielt ich Umschau nach einer Variante. 2004 entschied ich mich dann f\u00fcr ein &#8222;Seniorensofa&#8220;, oder anders gesagt f\u00fcr eine Goldwing GL 1200. Seit 2015 bin ich nun stolzer Besitzer einer GL 1800 und geniesse zusammen mit meiner Frau, durch die sch\u00f6nen Schweizeralpen und n\u00e4herem Ausland zu fahren.<br \/>\nIch bin aber kein typischer T\u00f6fffahrer. Ich bin Anwender (und zwar ein ziemlich angefressener) und kein Schrauber. Technische Details kenne ich weniger, Fahren muss die Maschine. Daher ist es meistens hoffnungslos, sich mit mir \u00fcber Modelle, PS, Neuigkeiten und andere motorradspezifische Dinge zu unterhalten.<br \/>\nIch bin seit 2004 Mitglied beim Goldwingclub Schweiz:<br \/>\n<a href=\"https:\/\/www.goldwing-club.ch\/index.php\/de\/\" target=\"_blank\" rel=\"noopener\">Goldwingclub Schweiz<\/a><\/p>\n<p><strong>Hochgebirgs- und Skitouren<\/strong><br \/>\nIn meiner Studentenzeit war ich ein stinkfauler L\u00e4ufer. Schon f\u00fcr kurze Distanzen benutzte ich ein motorisiertes Verkehrsmittel. Irgendwann um die 20 begann die Zeit von Skitouren und Hochgebirgswanderungen. Sch\u00f6ne Touren f\u00fchrten uns auf diverse Viertausender.<br \/>\nZwei meiner K\u00f6nigstouren waren &#8222;Randa &#8211; Dom in 24 h&#8220; und &#8222;Sion &#8211; Muotathal in 6 Tagen ohne jegliches Verkehrsmittel&#8220;. Die erste K\u00f6nigstour gelang leider nicht ganz. Rund 200 H\u00f6henmeter unter dem Gipfel musste ich aufgeben. Denn der R\u00fcckweg stand ja noch bevor. Bei der zweiten K\u00f6nigstour gelang uns fast eine Punktlandung. Rund eine Stunde vor Mitternacht kamen wir bei mir zu Hause an. Die l\u00e4ngste Tagesetappe war zugleich die letzte: Engelberg &#8211; Surenenpass &#8211; Schattdorf &#8211; Kinzigpass &#8211; Muotathal.<br \/>\nWas mich immer wieder faszinierte, waren die sch\u00f6nen Sonnenaufg\u00e4nge in den Alpen. Wir geh\u00f6rten zur Gattung der Fr\u00fchaufsteher.<br \/>\nLeider ist es mir momentan aus gesundheitlichen Gr\u00fcnden nicht mehr m\u00f6glich, solche Touren zu machen. Ich freue mich aber schon darauf, solche Touren mit meiner Frau zu unternehmen (einfach der \u00dc50-Generation angepasst ).<br \/>\nSchon 1991 bin nun schon im SAC Mythen: <a href=\"https:\/\/sac-mythen.ch\/\" target=\"_blank\" rel=\"noopener\">SAC Mythen<\/a><br \/>\nWeitere Links:&nbsp;<a href=\"https:\/\/www.sac-cas.ch\" target=\"_blank\" rel=\"noopener\">SAC Schweiz<\/a> \/&nbsp;<a href=\"https:\/\/www.sac-cas.ch\/de\/huetten-und-touren\/sac-tourenportal\/\" target=\"_blank\" rel=\"noopener\">Tourenportal SAC<\/a><\/p>\n<p><strong>Fliegen- und Tenkarafischen<\/strong><br \/>\nSeit 2015 habe ich ein neues Hobby: fischen. Fr\u00fcher ass ich weder Fisch noch Meeresfr\u00fcchte. Ich hatte mir aber auf meinen innereurop\u00e4ischen Goldwingtouren angew\u00f6hnt, vielfach einheimische Spezialit\u00e4ten zu essen. Da es oft vorkam, dass ich in K\u00fcstengegenden herumkurvte, geh\u00f6rten Meeresfr\u00fcchte und Fisch leider oder gl\u00fccklicherweise dazu.<br \/>\nDa ich wegen meinem gesundheitlichen Zustand ein anderes Hobby als Gebirgstouren suchte, bot sich fischen an. Ich hatte aber absolut keine Ahnung von angeln. Also besuchte ich den SaNakurs. Kurz nach Erhalt des Ausweises wurde das Bachpatent gel\u00f6st. Ab diesem Zeitpunkt war ich kurz am Lauerzer- und Vierwaldst\u00e4ttersee zu finden.<br \/>\nSchon nach kurzer Zeit begann ich mit dem Fliegen und Tenkarafischen. Diese beiden Arten gefielen mir viel besser. Vor allem das Tenkarafischen. Die Ausr\u00fcstung dabei besteht nur aus einer Rute (3.6m lang), bei mir aus einer 3.2m langen Schnur, je nach Distanzbedarf aus 0.9 &#8211; 2.5m langem Vorfach und einer Fliege (meistens Trockenfliege. Bei den Nymphen und Nassfliegen ist mein Verschleiss sehr gross&nbsp;). Seit 2016 binde ich auch meine Fliegen selber. Gekauft werden nur noch Vorlagen f\u00fcrs Selberbinden.<br \/>\nMit meiner Erfolgsquote kann ich bis zu diesem Zeitpunkt nicht angeben. Aber das wird sich mit der Erfahrung schon noch ergeben.<br \/>\nGuter Infos bei:&nbsp;<a href=\"https:\/\/www.tenkara-austria.at\/\" target=\"_blank\" rel=\"noopener\">Tenkara Austria<\/a><\/p>\n<p><strong>Klettersteige<\/strong><br \/>\nNeben den Hochgebirgstouren geh\u00f6rten auch Klettersteige zu einem normalen Jahresprogramm. Ich war nie der gute Felsenkletterer. F\u00fcrs Allgemeine gen\u00fcgte mein K\u00f6nnen. Ging es dann aber zu lange senkrecht nach oben, fehlte mir leider die Kraft und Ausdauer (und ab und zu auch der Mut).<br \/>\nBei den Klettersteigen wurde das Griffesuchen im Extremfall um ein Vielfaches erleichtert. Im Notfall stand das Drahtseil oder ein Stahlstift als Griff zur Verf\u00fcgung. Auch das Vorw\u00e4rtskommen einer Gruppe (wir waren oft 10 und mehr Personen) profitierte vom Sicherungsseil. Jedem war es m\u00f6glich, f\u00fcr sich alleine sein Tempo zu klettern.<br \/>\nBei einem dieser Klettersteige passierte der einzige Unfall, bei dem die Rega einen unserer Teilnehmer ausfliegen musste.<br \/>\nGuter Link zur Planung:&nbsp;<a href=\"https:\/\/www.via-ferrata.de\/klettersteige\/region\/schweiz\" target=\"_blank\" rel=\"noopener\">Klettersteige Schweiz<\/a><\/p>\n<p><strong>Fotografieren<\/strong><br \/>\nAuf den vielen Touren durch unsere Alpen kam nat\u00fcrlich auch der Fotoapparat mit. Die sch\u00f6nen Sonnenaufg\u00e4nge, die meisterlich in den Pulverschnee geschwungenen Kurven, mussten f\u00fcr die Nachwelt festgehalten werden.<br \/>\nMir gef\u00e4llt es, nicht nur das f\u00fcr alle ersichtliche festzuhalten, sondern auch die kleinen Dinge, die schnell mal \u00fcbersehen werden. Ich bin bis heute kein Meisterfotograf. Ich halte das fest, was f\u00fcr mich stimmig ist. Wenn ich bei einem Anlass Personen fotografiere, probiere ich, die Personen \u00fcberraschend zu erwischen. Gestellte Fotos sind mir ein Greuel. Und noch etwas: ich lasse mich selten ablichten&nbsp;.<\/p>\n<p><strong>Elektromobilit\u00e4t &#8211; Twizy<\/strong><br \/>\nDa wir ein bisschen ausserhalb wohnen und der Arbeitsweg nicht allzu weit war, \u00fcberlegten wir (ich glaube, vor allem ich \u00fcberlegte mir) uns, wie wir den Spritverbrauch verringern k\u00f6nnten. Der Motor wurde knapp warm und damit die Emissionen gross (wir fahren ein Dieselfahrzeug&nbsp;&nbsp;&#8211; Dieselskandal). Da ich einen T\u00f6ff besitze, entschlossen wir uns 2013 f\u00fcr den Twizy. Ich konnte eine Wechselnummer l\u00f6sen. Schon bald hatten wir das Problem, dass ich den T\u00f6ff nehmen wollte und meine Frau den Twizy &#8211; gleichzeitig nat\u00fcrlich. Das funktionierte nicht. Also l\u00f6sten wir eine neue Nummer. Ab diesem Zeitpunkt ging es auf. Seither ist der Twizy fast t\u00e4glich im Einsatz.<br \/>\n2015 entschlossen wir uns, sauberen Strom f\u00fcr unseren Twizy zu produzieren. Wir installierten eine Photovoltaikanlage an unser Terrassengel\u00e4nder. Die Planung hatte unsere Tochter als Maturaarbeit erledigt. Wir bestellten nur noch und liessen sie installieren.<br \/>\nIm Juni 2017 ging ich zum ersten Male mit den Twizy auf eine gr\u00f6ssere Tour: der Wavetrophy 2017. Es war hart, aber sch\u00f6n.<br \/>\nGute Infos bei:&nbsp;<a href=\"https:\/\/www.twizy-forum.de\/\" target=\"_blank\" rel=\"noopener\">Twizy-Forum<\/a><\/p>\n<p><strong>Naturist<\/strong><br \/>\nSeit Jahren geh\u00f6re ich zu den Naturisten (auch bekannt unter Nudisten oder FKK-anh\u00e4nger). Ich bin aber erst 2015 einem Verein beigetreten. Und das vor allem aus dem Grund, den INF-Ausweis zu erhalten. Leider ist es oft auf schweizerischen und deutschen Campingpl\u00e4tzen so, dass man nur mit dem INF-Ausweis den Platz betreten und benutzen darf.<\/p>\n<p>Ich bin kein &#8222;strenger&#8220; Naturist.<br \/>\n(Auszug aus Wikipedia: <em>&#8222;Der&nbsp;<b>Naturismus<\/b>&nbsp;ist ein Lebensstil, der weitere Ziele miteinschliesst, z.&nbsp;B. Wandern, Radeln, Sport, Kanufahren in freier Natur, was gegenseitige Toleranz und R\u00fccksichtnahme voraussetzt und mit&nbsp;\u00f6kologischem Engagement&nbsp;verbunden wird. In diesem Sinne steht der Naturismus in der Tradition der&nbsp;Lebensreform, auch wenn ihm deren asketische Tendenz (Verzicht auf Alkohol und Nikotin, Vegetarismus,&nbsp;Freiwirtschaft&nbsp;usw.) heute meist abgeht.&#8220;<\/em>)<br \/>\nDazu sch\u00e4tze ich ein saftiges St\u00fcck Fleisch und ein gutes Glas Wein viel zu sehr. Ansonsten lebe und geniesse ich aber in weiten Teilen meines Alltages das Leben im Adamskost\u00fcm: im Urlaub und zu Hause, auf Wanderungen, beim Fischen und beim Yoga&#x1f601;. Seit 2020 auch mit dem SUP-Board oder &#8222;knallrotem Gummiboot (Seawave) auf dem Lauerzer-, Vierwaldst\u00e4tter, \u00c4geri- und Zugersee.<br \/>\nFalls du mich also drinnen oder draussen h\u00fcllenlos triffst, so ist das weder f\u00fcr dich noch f\u00fcr mich peinlich, sondern das Nat\u00fcrlichste auf der Welt &#x1f60a; (oder bist du in Kleidern geboren worden? &#x1f609;). Und&nbsp;<strong>nicht Kleider machen Leute<\/strong> aus, sondern&nbsp;<strong>deren Charakter, Einstellung und Verhalten<\/strong>.<br \/>\nErholsame Yogastunde bei:&nbsp;<a href=\"https:\/\/www.yoga-energy.ch\/naked-yoga-zuerich\" target=\"_blank\" rel=\"noopener\">Yoga Energy<\/a><\/p>\n<p>&nbsp;<\/p>\n","protected":false},"excerpt":{"rendered":"<p>Ich heisse Rickenbacher Xaver und wohne in Illgau. Dieses Dorf liegt circa 10km \u00f6stlich von Schwyz auf einer Sonnenterrasse. Das Titelbild auf der Willkommenseite sagt schon viel \u00fcber mich aus. Goldwing Seit ich 18 Jahre alt bin, geh\u00f6re ich zur Liga der T\u00f6fffahrer. Begonnen hat alles mit einer DT 125. Damit bin ich h\u00e4ufig von &hellip; <a href=\"https:\/\/www.sonnegg.ch\/?page_id=66\" class=\"more-link\"><span class=\"screen-reader-text\">\u00dcber mich<\/span> weiterlesen <span class=\"meta-nav\">&rarr;<\/span><\/a><\/p>\n","protected":false},"author":1,"featured_media":0,"parent":0,"menu_order":0,"comment_status":"closed","ping_status":"closed","template":"page-templates\/full-width.php","meta":{"_crdt_document":"","footnotes":""},"class_list":["post-66","page","type-page","status-publish","hentry"],"post_mailing_queue_ids":[],"_links":{"self":[{"href":"https:\/\/www.sonnegg.ch\/index.php?rest_route=\/wp\/v2\/pages\/66","targetHints":{"allow":["GET"]}}],"collection":[{"href":"https:\/\/www.sonnegg.ch\/index.php?rest_route=\/wp\/v2\/pages"}],"about":[{"href":"https:\/\/www.sonnegg.ch\/index.php?rest_route=\/wp\/v2\/types\/page"}],"author":[{"embeddable":true,"href":"https:\/\/www.sonnegg.ch\/index.php?rest_route=\/wp\/v2\/users\/1"}],"replies":[{"embeddable":true,"href":"https:\/\/www.sonnegg.ch\/index.php?rest_route=%2Fwp%2Fv2%2Fcomments&post=66"}],"version-history":[{"count":27,"href":"https:\/\/www.sonnegg.ch\/index.php?rest_route=\/wp\/v2\/pages\/66\/revisions"}],"predecessor-version":[{"id":4503,"href":"https:\/\/www.sonnegg.ch\/index.php?rest_route=\/wp\/v2\/pages\/66\/revisions\/4503"}],"wp:attachment":[{"href":"https:\/\/www.sonnegg.ch\/index.php?rest_route=%2Fwp%2Fv2%2Fmedia&parent=66"}],"curies":[{"name":"wp","href":"https:\/\/api.w.org\/{rel}","templated":true}]}}