{"id":409,"date":"2017-06-04T10:17:23","date_gmt":"2017-06-04T08:17:23","guid":{"rendered":"http:\/\/www.sonnegg.ch\/?page_id=409"},"modified":"2021-11-09T09:16:38","modified_gmt":"2021-11-09T08:16:38","slug":"herzlich-willkommen","status":"publish","type":"page","link":"https:\/\/www.sonnegg.ch\/","title":{"rendered":"Herzlich Willkommen"},"content":{"rendered":"<p><b>Photovoltaikanlage Sunnerain:<br \/>\n<\/b> Seit Ende M\u00e4rz 2015 besitzen wir eine Photovoltaikanlage. Wir haben sie vor allem aus dem Grund installiert, damit wir sicher mit sauberem Strom unterwegs sind. Mit dem Link kannst du die Produktionsdaten einsehen.&nbsp;<br \/>\nIm Sommer 2021 haben wir unsere Anlage mit einer (fast) kompletten Indach-Anlage erweitert. Es gibt also neu viel mehr Strom bei Sonnentagen. Leider k\u00f6nnen wir Ende Oktober 2021 erst einen Teil des Daches in Betrieb nehmen, da uns nicht alle Wechselrichter und andere Teile geliefert werden k\u00f6nnen.<\/p>\n<p><b>Twizy &#8211; Blog (Twizytagebuch):<br \/>\n<\/b> Seit 2013 besitzen meine Frau und ich einen Renault Twizy, ein kleines, zweipl\u00e4tziges Elektromobil. Nun habe ich mich zur Wavetrophy 2017, einer Rundfahrt durch die ganze Schweiz, angemeldet. Hier m\u00f6chte ich die&nbsp;Eindr\u00fccke und sonstige Gedanken aus der Sicht des Twizy&nbsp;ver\u00f6ffentlichen.<\/p>\n<p><strong>Kategorie Goldwing:<\/strong><br \/>\nSeit 1980 fahre ich mehr oder weniger stetig T\u00f6ff. Wie es der Kategorietitel schon sagt, bin ich Besitzer einer Goldwing. Ich geh\u00f6re wahrscheinlich in die Liga der &#8222;angefressenen&#8220; Fahrern. Hier m\u00f6chte ich von meinen erw\u00e4hnenswerten Touren berichten.<\/p>\n<p><strong>Kategorie Fischen:<br \/>\n<\/strong> Seit 2014 geh\u00f6re ich zur Liga der Fischenden, genauer gesagt zu den &#8222;Tenkarianern&#8220; und Fliegenfischern. Hier m\u00f6chte ich von meinen Schneider- und Erfolgserlebnissen schreiben, wie auch von meinen selbstgebundenen Fliegen.<\/p>\n<p>&nbsp;<\/p>\n","protected":false},"excerpt":{"rendered":"<p>Photovoltaikanlage Sunnerain: Seit Ende M\u00e4rz 2015 besitzen wir eine Photovoltaikanlage. Wir haben sie vor allem aus dem Grund installiert, damit wir sicher mit sauberem Strom unterwegs sind. Mit dem Link kannst du die Produktionsdaten einsehen.&nbsp; Im Sommer 2021 haben wir unsere Anlage mit einer (fast) kompletten Indach-Anlage erweitert. Es gibt also neu viel mehr Strom &hellip; <a href=\"https:\/\/www.sonnegg.ch\/\" class=\"more-link\"><span class=\"screen-reader-text\">Herzlich Willkommen<\/span> weiterlesen <span class=\"meta-nav\">&rarr;<\/span><\/a><\/p>\n","protected":false},"author":1,"featured_media":0,"parent":0,"menu_order":0,"comment_status":"closed","ping_status":"closed","template":"page-templates\/full-width.php","meta":{"_crdt_document":"","footnotes":""},"class_list":["post-409","page","type-page","status-publish","hentry"],"post_mailing_queue_ids":[],"_links":{"self":[{"href":"https:\/\/www.sonnegg.ch\/index.php?rest_route=\/wp\/v2\/pages\/409","targetHints":{"allow":["GET"]}}],"collection":[{"href":"https:\/\/www.sonnegg.ch\/index.php?rest_route=\/wp\/v2\/pages"}],"about":[{"href":"https:\/\/www.sonnegg.ch\/index.php?rest_route=\/wp\/v2\/types\/page"}],"author":[{"embeddable":true,"href":"https:\/\/www.sonnegg.ch\/index.php?rest_route=\/wp\/v2\/users\/1"}],"replies":[{"embeddable":true,"href":"https:\/\/www.sonnegg.ch\/index.php?rest_route=%2Fwp%2Fv2%2Fcomments&post=409"}],"version-history":[{"count":10,"href":"https:\/\/www.sonnegg.ch\/index.php?rest_route=\/wp\/v2\/pages\/409\/revisions"}],"predecessor-version":[{"id":4188,"href":"https:\/\/www.sonnegg.ch\/index.php?rest_route=\/wp\/v2\/pages\/409\/revisions\/4188"}],"wp:attachment":[{"href":"https:\/\/www.sonnegg.ch\/index.php?rest_route=%2Fwp%2Fv2%2Fmedia&parent=409"}],"curies":[{"name":"wp","href":"https:\/\/api.w.org\/{rel}","templated":true}]}}